{"id":907,"date":"2020-04-22T17:19:17","date_gmt":"2020-04-22T15:19:17","guid":{"rendered":"https:\/\/bastin-elektrotechnik.be\/?page_id=907"},"modified":"2020-04-29T14:06:18","modified_gmt":"2020-04-29T12:06:18","slug":"chauffage-infrarouge","status":"publish","type":"page","link":"https:\/\/bastin-elektrotechnik.be\/fr\/services\/chauffage-infrarouge\/","title":{"rendered":"Chauffage infrarouge"},"content":{"rendered":"<p>Les produits Redwell \u00e0 faible consommation d\u2019\u00e9nergie assurent une ambiance int\u00e9rieure saine et agr\u00e9able, en toute fiabilit\u00e9 et \u00e0 un prix abordable. Avec sa technologie de chauffage \u00e0 la pointe, Redwell est le sp\u00e9cialiste du chauffage infrarouge qui rencontre d\u2019importants succ\u00e8s sur le march\u00e9 international, gr\u00e2ce \u00e0 la satisfaction de ses clients. <\/p>\n<p>La simplicit\u00e9 de l\u2019installation, la flexibilit\u00e9 du montage et une libert\u00e9 d\u2019entretien \u00e0 vie sont les attraits de ce syst\u00e8me de chauffage. Quant aux \u00e9l\u00e9ments de l\u2019installation, ils s\u00e9duisent de plus par leur qualit\u00e9 optimale ainsi qu\u2019un design individuel et raffin\u00e9. Ils sont test\u00e9s T\u00dcV, GS, CE, GOST, CSA (pour le Canada et les Etats-Unis), IGEF et IBR et sont soumis au contr\u00f4le \u00e9cologique du mat\u00e9riel GSF.<\/p>\n<p>B\u00e9n\u00e9ficiez de la garantie de 10 ans aupr\u00e8s du fabricant!<\/p>\n<p><strong>Nos partenaires:<\/strong><\/p>\n","protected":false},"excerpt":{"rendered":"Les produits Redwell \u00e0 faible consommation d\u2019\u00e9nergie assurent une ambiance int\u00e9rieure saine et agr\u00e9able, en toute fiabilit\u00e9 et \u00e0 un prix abordable. Avec sa technologie de chauffage \u00e0 la pointe, Redwell est le sp\u00e9cialiste du chauffage infrarouge qui rencontre d\u2019importants succ\u00e8s sur le march\u00e9 international, gr\u00e2ce \u00e0 la satisfaction de ses clients. La simplicit\u00e9 de&#8230; <a class=\"view-article\" href=\"https:\/\/bastin-elektrotechnik.be\/fr\/services\/chauffage-infrarouge\/\">View Article<\/a>","protected":false},"author":1,"featured_media":0,"parent":831,"menu_order":0,"comment_status":"closed","ping_status":"closed","template":"dienstleistungen.php","meta":{"_acf_changed":false,"inline_featured_image":false,"footnotes":""},"class_list":["post-907","page","type-page","status-publish","hentry"],"acf":[],"_links":{"self":[{"href":"https:\/\/bastin-elektrotechnik.be\/fr\/wp-json\/wp\/v2\/pages\/907","targetHints":{"allow":["GET"]}}],"collection":[{"href":"https:\/\/bastin-elektrotechnik.be\/fr\/wp-json\/wp\/v2\/pages"}],"about":[{"href":"https:\/\/bastin-elektrotechnik.be\/fr\/wp-json\/wp\/v2\/types\/page"}],"author":[{"embeddable":true,"href":"https:\/\/bastin-elektrotechnik.be\/fr\/wp-json\/wp\/v2\/users\/1"}],"replies":[{"embeddable":true,"href":"https:\/\/bastin-elektrotechnik.be\/fr\/wp-json\/wp\/v2\/comments?post=907"}],"version-history":[{"count":4,"href":"https:\/\/bastin-elektrotechnik.be\/fr\/wp-json\/wp\/v2\/pages\/907\/revisions"}],"predecessor-version":[{"id":911,"href":"https:\/\/bastin-elektrotechnik.be\/fr\/wp-json\/wp\/v2\/pages\/907\/revisions\/911"}],"up":[{"embeddable":true,"href":"https:\/\/bastin-elektrotechnik.be\/fr\/wp-json\/wp\/v2\/pages\/831"}],"wp:attachment":[{"href":"https:\/\/bastin-elektrotechnik.be\/fr\/wp-json\/wp\/v2\/media?parent=907"}],"curies":[{"name":"wp","href":"https:\/\/api.w.org\/{rel}","templated":true}]}}