{"id":900,"date":"2020-04-22T17:13:36","date_gmt":"2020-04-22T15:13:36","guid":{"rendered":"https:\/\/bastin-elektrotechnik.be\/?page_id=900"},"modified":"2020-04-29T14:06:28","modified_gmt":"2020-04-29T12:06:28","slug":"domotique","status":"publish","type":"page","link":"https:\/\/bastin-elektrotechnik.be\/fr\/services\/domotique\/","title":{"rendered":"Domotique"},"content":{"rendered":"<p>La domotique est devenue un \u00e9l\u00e9ment indispensable de notre vie quotidienne. Le syst\u00e8me domotique moderne KNX \/ EIBbus fait partie de ces technologies.<br \/>\nGestion technique des b\u00e2timents (GTB) signifie : commande et r\u00e9gulation multiservices de toutes les pi\u00e8ces avec installation comme l\u2019\u00e9clairage, l\u2019ombrage, le chauffage, l\u2019a\u00e9ration, la temp\u00e9rature, la s\u00e9curit\u00e9, &#8230; avec un syst\u00e8me de c\u00e2ble data universel\u00a0: le c\u00e2ble bus.\u00a0<br \/>\nElle est r\u00e9alis\u00e9e avec des composants contenant un microprocesseur pour la fonction locale et la communication avec les autres composants. La fonctionnalit\u00e9 locale et multi-appareils est d\u00e9termin\u00e9e par param\u00e9trage des composants. Les syst\u00e8mes bus permettent de r\u00e9duire consid\u00e9rablement le c\u00e2blage et de simplifier l\u2019installation.<\/p>\n<p><em> Ce genre d\u2019installation pr\u00e9sente de nombreux avantages qui va marquer notre avenir.<br \/>\nVoici quelques-uns de ses avantages : <\/em><\/p>\n<ul>\n<li>Toute la conduite de commande est aliment\u00e9e avec une tension sur c\u00e2ble bus de 24V et non 230V. Cela signifie moins de champs magn\u00e9tiques.<\/li>\n<li> La planification et les modifications ult\u00e9rieures de l\u2019installation gagnent en flexibilit\u00e9. <\/li>\n<li> Tous les utilisateurs connect\u00e9s au syst\u00e8me EIB peuvent \u00eatre d\u00e9connect\u00e9s centralement. (p.ex. baisse du chauffage en cas de fen\u00eatres ouvertes). <\/li>\n<li>  Les interrupteurs prennent moins de place. Il n\u2019est plus n\u00e9cessaire d\u2019avoir toute une batterie d\u2019interrupteurs. Les interrupteurs de bus sont beaucoup plus compacts. <\/li>\n<li> Les circuits peuvent \u00eatre modifi\u00e9s \u00e0 tout moment sans c\u00e2blage excessif, p.ex. pour cr\u00e9er des sc\u00e9narios lumineux, pour activer une simulation d\u2019absence, centraliser la commande des volets \u00e9lectriques et bien plus encore&#8230; <\/li>\n<\/ul>\n<p>Le bus d\u2019installation europ\u00e9en EIB KNX est le syst\u00e8me leader mondial de la mise en r\u00e9seau intelligente d\u2019installations \u00e9lectriques.<br \/>\nLe KNX est flexible, simple \u00e0 installer, il augmente le confort, la s\u00e9curit\u00e9 et la rentabilit\u00e9.<\/p>\n<p>Vous souhaitez \u00e9quiper votre b\u00e2timent d\u2019un syst\u00e8me domotique de haut niveau ?<br \/>\nNous sommes les sp\u00e9cialistes dans le secteur de la domotique. Contactez-nous, nous vous conseillerons sans engagement.<\/p>\n<p><strong> Nos partenaires : <\/strong><\/p>\n","protected":false},"excerpt":{"rendered":"La domotique est devenue un \u00e9l\u00e9ment indispensable de notre vie quotidienne. Le syst\u00e8me domotique moderne KNX \/ EIBbus fait partie de ces technologies. Gestion technique des b\u00e2timents (GTB) signifie : commande et r\u00e9gulation multiservices de toutes les pi\u00e8ces avec installation comme l\u2019\u00e9clairage, l\u2019ombrage, le chauffage, l\u2019a\u00e9ration, la temp\u00e9rature, la s\u00e9curit\u00e9, &#8230; avec un syst\u00e8me de&#8230; <a class=\"view-article\" href=\"https:\/\/bastin-elektrotechnik.be\/fr\/services\/domotique\/\">View Article<\/a>","protected":false},"author":1,"featured_media":0,"parent":831,"menu_order":26,"comment_status":"closed","ping_status":"closed","template":"dienstleistungen.php","meta":{"_acf_changed":false,"inline_featured_image":false,"footnotes":""},"class_list":["post-900","page","type-page","status-publish","hentry"],"acf":[],"_links":{"self":[{"href":"https:\/\/bastin-elektrotechnik.be\/fr\/wp-json\/wp\/v2\/pages\/900","targetHints":{"allow":["GET"]}}],"collection":[{"href":"https:\/\/bastin-elektrotechnik.be\/fr\/wp-json\/wp\/v2\/pages"}],"about":[{"href":"https:\/\/bastin-elektrotechnik.be\/fr\/wp-json\/wp\/v2\/types\/page"}],"author":[{"embeddable":true,"href":"https:\/\/bastin-elektrotechnik.be\/fr\/wp-json\/wp\/v2\/users\/1"}],"replies":[{"embeddable":true,"href":"https:\/\/bastin-elektrotechnik.be\/fr\/wp-json\/wp\/v2\/comments?post=900"}],"version-history":[{"count":5,"href":"https:\/\/bastin-elektrotechnik.be\/fr\/wp-json\/wp\/v2\/pages\/900\/revisions"}],"predecessor-version":[{"id":906,"href":"https:\/\/bastin-elektrotechnik.be\/fr\/wp-json\/wp\/v2\/pages\/900\/revisions\/906"}],"up":[{"embeddable":true,"href":"https:\/\/bastin-elektrotechnik.be\/fr\/wp-json\/wp\/v2\/pages\/831"}],"wp:attachment":[{"href":"https:\/\/bastin-elektrotechnik.be\/fr\/wp-json\/wp\/v2\/media?parent=900"}],"curies":[{"name":"wp","href":"https:\/\/api.w.org\/{rel}","templated":true}]}}