{"id":820,"date":"2020-04-22T11:36:51","date_gmt":"2020-04-22T09:36:51","guid":{"rendered":"https:\/\/bastin-elektrotechnik.be\/?page_id=820"},"modified":"2022-01-25T11:22:18","modified_gmt":"2022-01-25T10:22:18","slug":"a-propos","status":"publish","type":"page","link":"https:\/\/bastin-elektrotechnik.be\/fr\/a-propos\/","title":{"rendered":"\u00c0 propos"},"content":{"rendered":"<p>Depuis 1977, Bastin Elektrotechnik propose des solutions \u00e9lectriques pour le secteur priv\u00e9 et commercial. Suivant la philosophie de l\u2019entreprise, \u00ab l\u2019apprenti d\u2019aujourd\u2019hui est l\u2019ouvrier qualifi\u00e9 de demain \u00bb, un rapport \u00e9quilibr\u00e9 entre jeunes ouvriers et ouvriers exp\u00e9riment\u00e9s s\u2019est install\u00e9 au fil des ann\u00e9es.<\/p>\n<p>Cela nous permet de faire avancer l&rsquo;installation \u00e9lectrique dans l\u2019air du temps gr\u00e2ce \u00e0 un conseil individuel et une expertise en mati\u00e8re d\u2019installations \u00e9lectriques. Nous donnons la priorit\u00e9 absolue \u00e0 la s\u00e9curit\u00e9 et \u00e0 la qualit\u00e9 des installations \u00e9lectriques. Il n\u2019est donc pas \u00e9tonnant que plus de 3000 foyers de l\u2019Euregio portent d\u00e9j\u00e0 le label de qualit\u00e9 de Bastin Elektrotechnik.<\/p>\n<p>Gr\u00e2ce \u00e0 son \u00e9quipe form\u00e9e et qualifi\u00e9e, Bastin Elektrotechnik est en mesure d\u2019offrir un large \u00e9ventail de services :<\/p>\n<ul>\n<li>Installations \u00e9lectriques<\/li>\n<li>Photovolta\u00efque<\/li>\n<li>\u00c9lectromobilit\u00e9<\/li>\n<li>Eclairage<\/li>\n<li>Chauffage infrarouge<\/li>\n<li>Gestion technique des b\u00e2timents (knx \/ domotique)<\/li>\n<li>R\u00e9seau m\u00e9dias<\/li>\n<li>Service \/ r\u00e9parations<\/li>\n<\/ul>\n","protected":false},"excerpt":{"rendered":"Depuis 1977, Bastin Elektrotechnik propose des solutions \u00e9lectriques pour le secteur priv\u00e9 et commercial. Suivant la philosophie de l\u2019entreprise, \u00ab l\u2019apprenti d\u2019aujourd\u2019hui est l\u2019ouvrier qualifi\u00e9 de demain \u00bb, un rapport \u00e9quilibr\u00e9 entre jeunes ouvriers et ouvriers exp\u00e9riment\u00e9s s\u2019est install\u00e9 au fil des ann\u00e9es. Cela nous permet de faire avancer l&rsquo;installation \u00e9lectrique dans l\u2019air du temps&#8230; <a class=\"view-article\" href=\"https:\/\/bastin-elektrotechnik.be\/fr\/a-propos\/\">View Article<\/a>","protected":false},"author":1,"featured_media":0,"parent":0,"menu_order":1,"comment_status":"closed","ping_status":"closed","template":"ueberuns.php","meta":{"_acf_changed":false,"inline_featured_image":false,"footnotes":""},"class_list":["post-820","page","type-page","status-publish","hentry"],"acf":[],"_links":{"self":[{"href":"https:\/\/bastin-elektrotechnik.be\/fr\/wp-json\/wp\/v2\/pages\/820","targetHints":{"allow":["GET"]}}],"collection":[{"href":"https:\/\/bastin-elektrotechnik.be\/fr\/wp-json\/wp\/v2\/pages"}],"about":[{"href":"https:\/\/bastin-elektrotechnik.be\/fr\/wp-json\/wp\/v2\/types\/page"}],"author":[{"embeddable":true,"href":"https:\/\/bastin-elektrotechnik.be\/fr\/wp-json\/wp\/v2\/users\/1"}],"replies":[{"embeddable":true,"href":"https:\/\/bastin-elektrotechnik.be\/fr\/wp-json\/wp\/v2\/comments?post=820"}],"version-history":[{"count":7,"href":"https:\/\/bastin-elektrotechnik.be\/fr\/wp-json\/wp\/v2\/pages\/820\/revisions"}],"predecessor-version":[{"id":1497,"href":"https:\/\/bastin-elektrotechnik.be\/fr\/wp-json\/wp\/v2\/pages\/820\/revisions\/1497"}],"wp:attachment":[{"href":"https:\/\/bastin-elektrotechnik.be\/fr\/wp-json\/wp\/v2\/media?parent=820"}],"curies":[{"name":"wp","href":"https:\/\/api.w.org\/{rel}","templated":true}]}}