{"id":1408,"date":"2021-04-20T08:36:04","date_gmt":"2021-04-20T06:36:04","guid":{"rendered":"https:\/\/bastin-elektrotechnik.be\/?page_id=1408"},"modified":"2021-04-26T10:23:55","modified_gmt":"2021-04-26T08:23:55","slug":"planification","status":"publish","type":"page","link":"https:\/\/bastin-elektrotechnik.be\/fr\/services\/planification\/","title":{"rendered":"Planification"},"content":{"rendered":"<p>Vous envisagez une transformation, une extension, une nouvelle construction ou une r\u00e9novation ? Parfait. C&rsquo;est le moment. Vous aimeriez savoir ce qu&rsquo;il est possible de faire avec les derni\u00e8res technologies d&rsquo;installation pour votre maison ? Nous nous ferons un plaisir d&rsquo;examiner votre projet\u00a0!<\/p>\n<p>Consultation<br \/>\nLors de notre premi\u00e8re consultation, en tenant compte de vos id\u00e9es et souhaits, nous vous fournirons des informations qui vous aideront \u00e0 prendre vos d\u00e9cisions. <\/p>\n<p>Logiciel 3D<br \/>\nNous utilisons un logiciel 3D pour mettre en \u0153uvre visuellement vos id\u00e9es. De cette fa\u00e7on, nous pouvons voir ensemble si un concept fonctionne.<\/p>\n<p>Planification sp\u00e9cialis\u00e9e pour les particuliers et les entreprises<br \/>\nLes exigences sont tr\u00e8s diff\u00e9rentes. Nous connaissons notre m\u00e9tier et cr\u00e9ons des concepts globaux sur mesure pour les particuliers comme pour les entreprises. <\/p>\n<p>Nous proposons une planification sp\u00e9cialis\u00e9e globale, r\u00e9fl\u00e9chie et professionnelle dans les domaines suivants :<\/p>\n<ul>\n<li>&#8211; Installations \u00e9lectriques<\/li>\n<li>&#8211; syst\u00e8mes photovolta\u00efques<\/li>\n<li>&#8211; Lumi\u00e8re et syst\u00e8mes d&rsquo;\u00e9clairage<\/li>\n<li>&#8211; Technologie des syst\u00e8mes et r\u00e9seaux de b\u00e2timents<\/li>\n<li>&#8211; Installation Multimedia<\/li>\n<\/ul>\n","protected":false},"excerpt":{"rendered":"Vous envisagez une transformation, une extension, une nouvelle construction ou une r\u00e9novation ? Parfait. C&rsquo;est le moment. Vous aimeriez savoir ce qu&rsquo;il est possible de faire avec les derni\u00e8res technologies d&rsquo;installation pour votre maison ? Nous nous ferons un plaisir d&rsquo;examiner votre projet\u00a0! Consultation Lors de notre premi\u00e8re consultation, en tenant compte de vos id\u00e9es&#8230; <a class=\"view-article\" href=\"https:\/\/bastin-elektrotechnik.be\/fr\/services\/planification\/\">View Article<\/a>","protected":false},"author":1,"featured_media":0,"parent":831,"menu_order":0,"comment_status":"closed","ping_status":"closed","template":"dienstleistungen.php","meta":{"_acf_changed":false,"inline_featured_image":false,"footnotes":""},"class_list":["post-1408","page","type-page","status-publish","hentry"],"acf":[],"_links":{"self":[{"href":"https:\/\/bastin-elektrotechnik.be\/fr\/wp-json\/wp\/v2\/pages\/1408","targetHints":{"allow":["GET"]}}],"collection":[{"href":"https:\/\/bastin-elektrotechnik.be\/fr\/wp-json\/wp\/v2\/pages"}],"about":[{"href":"https:\/\/bastin-elektrotechnik.be\/fr\/wp-json\/wp\/v2\/types\/page"}],"author":[{"embeddable":true,"href":"https:\/\/bastin-elektrotechnik.be\/fr\/wp-json\/wp\/v2\/users\/1"}],"replies":[{"embeddable":true,"href":"https:\/\/bastin-elektrotechnik.be\/fr\/wp-json\/wp\/v2\/comments?post=1408"}],"version-history":[{"count":4,"href":"https:\/\/bastin-elektrotechnik.be\/fr\/wp-json\/wp\/v2\/pages\/1408\/revisions"}],"predecessor-version":[{"id":1426,"href":"https:\/\/bastin-elektrotechnik.be\/fr\/wp-json\/wp\/v2\/pages\/1408\/revisions\/1426"}],"up":[{"embeddable":true,"href":"https:\/\/bastin-elektrotechnik.be\/fr\/wp-json\/wp\/v2\/pages\/831"}],"wp:attachment":[{"href":"https:\/\/bastin-elektrotechnik.be\/fr\/wp-json\/wp\/v2\/media?parent=1408"}],"curies":[{"name":"wp","href":"https:\/\/api.w.org\/{rel}","templated":true}]}}