{"id":84,"date":"2019-06-04T10:59:40","date_gmt":"2019-06-04T08:59:40","guid":{"rendered":"http:\/\/bastin.cloth.be\/?page_id=84"},"modified":"2021-01-22T08:11:08","modified_gmt":"2021-01-22T07:11:08","slug":"ueber-uns","status":"publish","type":"page","link":"https:\/\/bastin-elektrotechnik.be\/de\/ueber-uns\/","title":{"rendered":"\u00dcber uns"},"content":{"rendered":"<p>Seit 1977 bietet Bastin Elektrotechnik ganzheitliche Elektrol\u00f6sungen f\u00fcr den privaten und gewerblichen Sektor. Mit unserer Firmenphilosophie: \u201eDer Auszubildende von heute ist die Fachkraft von morgen\u201c hat sich im Laufe der Jahre ein ausgewogenes Team aus langj\u00e4hriger Erfahrung und junger Motivation entwickelt.<\/p>\n<p>Das erm\u00f6glicht uns, durch eine individuelle Beratung die zukunftssichere Elektroinstallation nach vorne zu bringen. An oberster Stelle stehen dabei die Sicherheit und die Qualit\u00e4t unserer Elektroanlagen. Kein Wunder also, dass bereits mehr als 3000 H\u00e4user in der Euregio das G\u00fctesiegel von Bastin Elektrotechnik tragen.<\/p>\n<p>Von der Planung bis hin zur Umsetzung bietet Bastin Elektrotechnik durch sein geschultes und qualifiziertes Team eine breite Palette folgender Dienstleistungen an:<\/p>\n<ul>\n<li>Elektroinstallation<\/li>\n<li>Photovoltaik<\/li>\n<li>Elektromobilit\u00e4t<\/li>\n<li>Beleuchtung<\/li>\n<li>Infrarotheizung<\/li>\n<li>Geb\u00e4udesystemtechnik<\/li>\n<li>Netzwerktechnik<\/li>\n<li>Service \/ Reparatur<\/li>\n<\/ul>\n","protected":false},"excerpt":{"rendered":"Seit 1977 bietet Bastin Elektrotechnik ganzheitliche Elektrol\u00f6sungen f\u00fcr den privaten und gewerblichen Sektor. Mit unserer Firmenphilosophie: \u201eDer Auszubildende von heute ist die Fachkraft von morgen\u201c hat sich im Laufe der Jahre ein ausgewogenes Team aus langj\u00e4hriger Erfahrung und junger Motivation entwickelt. Das erm\u00f6glicht uns, durch eine individuelle Beratung die zukunftssichere Elektroinstallation nach vorne zu bringen&#8230;. <a class=\"view-article\" href=\"https:\/\/bastin-elektrotechnik.be\/de\/ueber-uns\/\">View Article<\/a>","protected":false},"author":1,"featured_media":0,"parent":0,"menu_order":4,"comment_status":"closed","ping_status":"closed","template":"ueberuns.php","meta":{"_acf_changed":false,"inline_featured_image":false,"footnotes":""},"class_list":["post-84","page","type-page","status-publish","hentry"],"acf":[],"_links":{"self":[{"href":"https:\/\/bastin-elektrotechnik.be\/de\/wp-json\/wp\/v2\/pages\/84","targetHints":{"allow":["GET"]}}],"collection":[{"href":"https:\/\/bastin-elektrotechnik.be\/de\/wp-json\/wp\/v2\/pages"}],"about":[{"href":"https:\/\/bastin-elektrotechnik.be\/de\/wp-json\/wp\/v2\/types\/page"}],"author":[{"embeddable":true,"href":"https:\/\/bastin-elektrotechnik.be\/de\/wp-json\/wp\/v2\/users\/1"}],"replies":[{"embeddable":true,"href":"https:\/\/bastin-elektrotechnik.be\/de\/wp-json\/wp\/v2\/comments?post=84"}],"version-history":[{"count":27,"href":"https:\/\/bastin-elektrotechnik.be\/de\/wp-json\/wp\/v2\/pages\/84\/revisions"}],"predecessor-version":[{"id":1115,"href":"https:\/\/bastin-elektrotechnik.be\/de\/wp-json\/wp\/v2\/pages\/84\/revisions\/1115"}],"wp:attachment":[{"href":"https:\/\/bastin-elektrotechnik.be\/de\/wp-json\/wp\/v2\/media?parent=84"}],"curies":[{"name":"wp","href":"https:\/\/api.w.org\/{rel}","templated":true}]}}